{"id":962,"date":"2024-03-19T06:51:38","date_gmt":"2024-03-19T06:51:38","guid":{"rendered":"https:\/\/bodana.se\/?page_id=962"},"modified":"2024-04-09T13:06:14","modified_gmt":"2024-04-09T12:06:14","slug":"offertforfragan","status":"publish","type":"page","link":"https:\/\/bodana.se\/?page_id=962","title":{"rendered":"GAMLA OFFERTF\u00d6RFR\u00c5GAN"},"content":{"rendered":"<div class=\"wpforms-container wpforms-container-full wpforms-render-modern\" id=\"wpforms-918\"><form id=\"wpforms-form-918\" class=\"wpforms-validate wpforms-form wpforms-ajax-form\" data-formid=\"918\" method=\"post\" enctype=\"multipart\/form-data\" action=\"\/index.php?rest_route=%2Fwp%2Fv2%2Fpages%2F962&#038;wpforms_form_id=918\"><noscript class=\"wpforms-error-noscript\">Please enable JavaScript in your browser to complete this form.<\/noscript><div class=\"wpforms-hidden\" id=\"wpforms-error-noscript\">Please enable JavaScript in your browser to complete this form.<\/div><div class=\"wpforms-field-container\"><div id=\"wpforms-918-field_32-container\" class=\"wpforms-field wpforms-field-content\" data-field-id=\"32\"><div id=\"wpforms-918-field_32\" class=\"wpforms-field-medium wpforms-field-row\" name=\"wpforms[fields][32]\" aria-errormessage=\"wpforms-918-field_32-error\"><h2>OFFERTF\u00d6RFR\u00c5GAN<\/h2>\n<div class=\"wpforms-field-content-display-frontend-clear\"><\/div><\/div><\/div><div id=\"wpforms-918-field_2-container\" class=\"wpforms-field wpforms-field-text wpforms-one-half wpforms-first\" data-field-id=\"2\"><input type=\"text\" id=\"wpforms-918-field_2\" class=\"wpforms-field-large\" name=\"wpforms[fields][2]\" placeholder=\"F\u00f6retag\" aria-errormessage=\"wpforms-918-field_2-error\" ><\/div><div id=\"wpforms-918-field_3-container\" class=\"wpforms-field wpforms-field-text wpforms-one-half\" data-field-id=\"3\"><input type=\"text\" id=\"wpforms-918-field_3\" class=\"wpforms-field-large wpforms-field-required\" name=\"wpforms[fields][3]\" placeholder=\"F\u00f6r- &amp; eftrnamn\" aria-errormessage=\"wpforms-918-field_3-error\" required><\/div><div id=\"wpforms-918-field_4-container\" class=\"wpforms-field wpforms-field-text wpforms-one-half wpforms-first\" data-field-id=\"4\"><input type=\"text\" id=\"wpforms-918-field_4\" class=\"wpforms-field-large\" name=\"wpforms[fields][4]\" placeholder=\"Adress\" aria-errormessage=\"wpforms-918-field_4-error\" ><\/div><div id=\"wpforms-918-field_5-container\" class=\"wpforms-field wpforms-field-text wpforms-one-half\" data-field-id=\"5\"><input type=\"text\" id=\"wpforms-918-field_5\" class=\"wpforms-field-large wpforms-field-required\" name=\"wpforms[fields][5]\" placeholder=\"Postnummer\" aria-errormessage=\"wpforms-918-field_5-error\" required><\/div><div id=\"wpforms-918-field_6-container\" class=\"wpforms-field wpforms-field-text wpforms-one-half wpforms-first\" data-field-id=\"6\"><input type=\"text\" id=\"wpforms-918-field_6\" class=\"wpforms-field-large\" name=\"wpforms[fields][6]\" placeholder=\"Ort\" aria-errormessage=\"wpforms-918-field_6-error\" ><\/div><div id=\"wpforms-918-field_7-container\" class=\"wpforms-field wpforms-field-text wpforms-one-half\" data-field-id=\"7\"><input type=\"text\" id=\"wpforms-918-field_7\" class=\"wpforms-field-large\" name=\"wpforms[fields][7]\" placeholder=\"Telefonnummer\" aria-errormessage=\"wpforms-918-field_7-error\" ><\/div><div id=\"wpforms-918-field_8-container\" class=\"wpforms-field wpforms-field-text wpforms-one-half wpforms-first\" data-field-id=\"8\"><input type=\"text\" id=\"wpforms-918-field_8\" class=\"wpforms-field-large\" name=\"wpforms[fields][8]\" placeholder=\"Mobilnummer\" aria-errormessage=\"wpforms-918-field_8-error\" ><\/div><div id=\"wpforms-918-field_9-container\" class=\"wpforms-field wpforms-field-text wpforms-one-half\" data-field-id=\"9\"><input type=\"text\" id=\"wpforms-918-field_9\" class=\"wpforms-field-large wpforms-field-required\" name=\"wpforms[fields][9]\" placeholder=\"E-postadress\" aria-errormessage=\"wpforms-918-field_9-error\" required><\/div><div id=\"wpforms-918-field_10-container\" class=\"wpforms-field wpforms-field-checkbox wpforms-one-third wpforms-first\" data-field-id=\"10\"><fieldset><legend class=\"wpforms-field-label\">TYP AV ARBETE:<\/legend><ul id=\"wpforms-918-field_10\"><li class=\"choice-1 depth-1\"><input type=\"checkbox\" id=\"wpforms-918-field_10_1\" name=\"wpforms[fields][10][]\" value=\"Mark-&amp; anl\u00e4ggning\" aria-errormessage=\"wpforms-918-field_10_1-error\"  ><label class=\"wpforms-field-label-inline\" for=\"wpforms-918-field_10_1\">Mark-&amp; anl\u00e4ggning<\/label><\/li><li class=\"choice-2 depth-1\"><input type=\"checkbox\" id=\"wpforms-918-field_10_2\" name=\"wpforms[fields][10][]\" value=\"Stens\u00e4ttning\/ platts\u00e4ttning\" aria-errormessage=\"wpforms-918-field_10_2-error\"  ><label class=\"wpforms-field-label-inline\" for=\"wpforms-918-field_10_2\">Stens\u00e4ttning\/ platts\u00e4ttning<\/label><\/li><li class=\"choice-4 depth-1\"><input type=\"checkbox\" id=\"wpforms-918-field_10_4\" name=\"wpforms[fields][10][]\" value=\"Murarbete\" aria-errormessage=\"wpforms-918-field_10_4-error\"  ><label class=\"wpforms-field-label-inline\" for=\"wpforms-918-field_10_4\">Murarbete<\/label><\/li><li class=\"choice-5 depth-1\"><input type=\"checkbox\" id=\"wpforms-918-field_10_5\" name=\"wpforms[fields][10][]\" value=\"Sten-&amp; bergspr\u00e4ckning\" aria-errormessage=\"wpforms-918-field_10_5-error\"  ><label class=\"wpforms-field-label-inline\" for=\"wpforms-918-field_10_5\">Sten-&amp; bergspr\u00e4ckning<\/label><\/li><li class=\"choice-8 depth-1\"><input type=\"checkbox\" id=\"wpforms-918-field_10_8\" name=\"wpforms[fields][10][]\" value=\"Dr\u00e4nering\" aria-errormessage=\"wpforms-918-field_10_8-error\"  ><label class=\"wpforms-field-label-inline\" for=\"wpforms-918-field_10_8\">Dr\u00e4nering<\/label><\/li><li class=\"choice-9 depth-1\"><input type=\"checkbox\" id=\"wpforms-918-field_10_9\" name=\"wpforms[fields][10][]\" value=\"Tr\u00e4g\u00e5rdsanl\u00e4ggning\" aria-errormessage=\"wpforms-918-field_10_9-error\"  ><label class=\"wpforms-field-label-inline\" for=\"wpforms-918-field_10_9\">Tr\u00e4g\u00e5rdsanl\u00e4ggning<\/label><\/li><li class=\"choice-10 depth-1\"><input type=\"checkbox\" id=\"wpforms-918-field_10_10\" name=\"wpforms[fields][10][]\" value=\"Altanbygge\" aria-errormessage=\"wpforms-918-field_10_10-error\"  ><label class=\"wpforms-field-label-inline\" for=\"wpforms-918-field_10_10\">Altanbygge<\/label><\/li><li class=\"choice-11 depth-1\"><input type=\"checkbox\" id=\"wpforms-918-field_10_11\" name=\"wpforms[fields][10][]\" value=\"Golvl\u00e4ggning &amp; m\u00e5lariarbete\" aria-errormessage=\"wpforms-918-field_10_11-error\"  ><label class=\"wpforms-field-label-inline\" for=\"wpforms-918-field_10_11\">Golvl\u00e4ggning &amp; m\u00e5lariarbete<\/label><\/li><li class=\"choice-12 depth-1\"><input type=\"checkbox\" id=\"wpforms-918-field_10_12\" name=\"wpforms[fields][10][]\" value=\"Annat\" aria-errormessage=\"wpforms-918-field_10_12-error\"  ><label class=\"wpforms-field-label-inline\" for=\"wpforms-918-field_10_12\">Annat<\/label><\/li><\/ul><\/fieldset><\/div><div id=\"wpforms-918-field_11-container\" class=\"wpforms-field wpforms-field-checkbox wpforms-one-third\" data-field-id=\"11\"><fieldset><legend class=\"wpforms-field-label\">TYP AV PRODUKTION:<\/legend><ul id=\"wpforms-918-field_11\"><li class=\"choice-4 depth-1\"><input type=\"checkbox\" id=\"wpforms-918-field_11_4\" name=\"wpforms[fields][11][]\" value=\"Nyproduktion\" aria-errormessage=\"wpforms-918-field_11_4-error\"  ><label class=\"wpforms-field-label-inline\" for=\"wpforms-918-field_11_4\">Nyproduktion<\/label><\/li><li class=\"choice-5 depth-1\"><input type=\"checkbox\" id=\"wpforms-918-field_11_5\" name=\"wpforms[fields][11][]\" value=\"Ombyggnation\" aria-errormessage=\"wpforms-918-field_11_5-error\"  ><label class=\"wpforms-field-label-inline\" for=\"wpforms-918-field_11_5\">Ombyggnation<\/label><\/li><li class=\"choice-6 depth-1\"><input type=\"checkbox\" id=\"wpforms-918-field_11_6\" name=\"wpforms[fields][11][]\" value=\"Renovering\" aria-errormessage=\"wpforms-918-field_11_6-error\"  ><label class=\"wpforms-field-label-inline\" for=\"wpforms-918-field_11_6\">Renovering<\/label><\/li><\/ul><\/fieldset><\/div><div id=\"wpforms-918-field_12-container\" class=\"wpforms-field wpforms-field-checkbox wpforms-one-third\" data-field-id=\"12\"><fieldset><legend class=\"wpforms-field-label\">\u00d6NSKAR KONTAKT VIA:  <span class=\"wpforms-required-label\" aria-hidden=\"true\">*<\/span><\/legend><ul id=\"wpforms-918-field_12\" class=\"wpforms-field-required\"><li class=\"choice-1 depth-1\"><input type=\"checkbox\" id=\"wpforms-918-field_12_1\" name=\"wpforms[fields][12][]\" value=\"E-post\" aria-errormessage=\"wpforms-918-field_12_1-error\" required ><label class=\"wpforms-field-label-inline\" for=\"wpforms-918-field_12_1\">E-post<\/label><\/li><li class=\"choice-2 depth-1\"><input type=\"checkbox\" id=\"wpforms-918-field_12_2\" name=\"wpforms[fields][12][]\" value=\"Telefon\" aria-errormessage=\"wpforms-918-field_12_2-error\" required ><label class=\"wpforms-field-label-inline\" for=\"wpforms-918-field_12_2\">Telefon<\/label><\/li><\/ul><\/fieldset><\/div><div id=\"wpforms-918-field_16-container\" class=\"wpforms-field wpforms-field-layout\" data-field-id=\"16\"><label class=\"wpforms-field-label wpforms-label-hide\" for=\"wpforms-918-field_16\" aria-hidden=\"false\">Layout<\/label><div class=\"wpforms-field-layout-columns wpforms-field-layout-preset-50-50\"><div class=\"wpforms-layout-column wpforms-layout-column-50\"><div id=\"wpforms-918-field_14-container\" class=\"wpforms-field wpforms-field-date-time\" data-field-id=\"14\"><label class=\"wpforms-field-label\" for=\"wpforms-918-field_14\">\u00d6NSKAT DATUM F\u00d6R ARBETE<\/label><div class=\"wpforms-datepicker-wrap\"><input type=\"text\" id=\"wpforms-918-field_14\" class=\"wpforms-field-date-time-date wpforms-datepicker wpforms-field-medium\" data-date-format=\"m\/d\/Y\" data-disable-past-dates=\"0\" data-input=\"true\" name=\"wpforms[fields][14][date]\" aria-errormessage=\"wpforms-918-field_14-error\" ><a title=\"Clear Date\" data-clear class=\"wpforms-datepicker-clear\" style=\"display:none;\"><\/a><\/div><\/div><div id=\"wpforms-918-field_21-container\" class=\"wpforms-field wpforms-field-number-slider\" data-field-id=\"21\"><label class=\"wpforms-field-label\" for=\"wpforms-918-field_21\">Budget<\/label>\n<input\n\ttype=\"range\"\n\tid=\"wpforms-918-field_21\" class=\"wpforms-field-medium\" name=\"wpforms[fields][21]\" value=\"10000\" aria-errormessage=\"wpforms-918-field_21-error\" aria-describedby=\"wpforms-918-field_21-description\"\t\tvalue=\"10000\"\n\tmin=\"10000\"\n\tmax=\"2000000\"\n\tstep=\"40\">\n\n<div class=\"wpforms-field-number-slider-hint\"\n\tdata-hint=\"Din budget: {value}\">\n\tDin budget: <b>10000<\/b><\/div>\n<div id=\"wpforms-918-field_21-description\" class=\"wpforms-field-description\">Vad \u00e4r din budget f\u00f6r projektet? Genom att ange din budget kan vi skapa en skr\u00e4ddarsydd offert som passar dina behov och ekonomiska f\u00f6ruts\u00e4ttningar.<\/div><\/div><div id=\"wpforms-918-field_31-container\" class=\"wpforms-field wpforms-field-textarea\" data-field-id=\"31\"><label class=\"wpforms-field-label\" for=\"wpforms-918-field_31\">\u00d6VRIGT MEDDELANDE<\/label><textarea id=\"wpforms-918-field_31\" class=\"wpforms-field-medium\" name=\"wpforms[fields][31]\" placeholder=\"Vu skulle vilja bygga\/ renovera...\" aria-errormessage=\"wpforms-918-field_31-error\" ><\/textarea><\/div><\/div><div class=\"wpforms-layout-column wpforms-layout-column-50\"><div id=\"wpforms-918-field_15-container\" class=\"wpforms-field wpforms-field-file-upload\" data-field-id=\"15\"><label class=\"wpforms-field-label\" for=\"wpforms-918-field_15\">Uppladdning av filer<\/label><input type=\"file\" id=\"wpforms-918-field_15\" data-rule-extension=\"jpg,jpeg,jpe,gif,png,bmp,tiff,tif,webp,ico,heic,asf,asx,wmv,wmx,wm,avi,divx,mov,qt,mpeg,mpg,mpe,mp4,m4v,ogv,webm,mkv,3gp,3gpp,3g2,3gp2,txt,asc,c,cc,h,srt,csv,tsv,ics,rtx,css,vtt,mp3,m4a,m4b,aac,ra,ram,wav,ogg,oga,flac,mid,midi,wma,wax,mka,rtf,pdf,class,tar,zip,gz,gzip,rar,7z,psd,xcf,doc,pot,pps,ppt,wri,xla,xls,xlt,xlw,mpp,docx,docm,dotx,dotm,xlsx,xlsm,xlsb,xltx,xltm,xlam,pptx,pptm,ppsx,ppsm,potx,potm,ppam,sldx,sldm,onetoc,onetoc2,onepkg,oxps,xps,odt,odp,ods,odg,odc,odb,odf,wp,wpd,key,numbers,pages,ttf,otf,eot,woff,woff2,svg,redux\" data-rule-maxsize=\"268435456\" name=\"wpforms_918_15\" accept=\".jpg,.jpeg,.jpe,.gif,.png,.bmp,.tiff,.tif,.webp,.ico,.heic,.asf,.asx,.wmv,.wmx,.wm,.avi,.divx,.mov,.qt,.mpeg,.mpg,.mpe,.mp4,.m4v,.ogv,.webm,.mkv,.3gp,.3gpp,.3g2,.3gp2,.txt,.asc,.c,.cc,.h,.srt,.csv,.tsv,.ics,.rtx,.css,.vtt,.mp3,.m4a,.m4b,.aac,.ra,.ram,.wav,.ogg,.oga,.flac,.mid,.midi,.wma,.wax,.mka,.rtf,.pdf,.class,.tar,.zip,.gz,.gzip,.rar,.7z,.psd,.xcf,.doc,.pot,.pps,.ppt,.wri,.xla,.xls,.xlt,.xlw,.mpp,.docx,.docm,.dotx,.dotm,.xlsx,.xlsm,.xlsb,.xltx,.xltm,.xlam,.pptx,.pptm,.ppsx,.ppsm,.potx,.potm,.ppam,.sldx,.sldm,.onetoc,.onetoc2,.onepkg,.oxps,.xps,.odt,.odp,.ods,.odg,.odc,.odb,.odf,.wp,.wpd,.key,.numbers,.pages,.ttf,.otf,.eot,.woff,.woff2,.svg,.redux\" aria-errormessage=\"wpforms-918-field_15-error\" ><\/div><\/div><\/div><\/div><\/div><!-- .wpforms-field-container --><div class=\"wpforms-recaptcha-container wpforms-is-recaptcha wpforms-is-recaptcha-type-v2\" ><div class=\"g-recaptcha\" data-sitekey=\"6Leiw50pAAAAACYt72CK2uFoKLg8G0J16tAHIYo-\"><\/div><input type=\"text\" name=\"g-recaptcha-hidden\" class=\"wpforms-recaptcha-hidden\" style=\"position:absolute!important;clip:rect(0,0,0,0)!important;height:1px!important;width:1px!important;border:0!important;overflow:hidden!important;padding:0!important;margin:0!important;\" data-rule-recaptcha=\"1\"><\/div><div class=\"wpforms-submit-container\" ><input type=\"hidden\" name=\"wpforms[id]\" value=\"918\"><input type=\"hidden\" name=\"wpforms[author]\" value=\"1\"><input type=\"hidden\" class=\"wpforms-token\" name=\"wpforms[token]\" value=\"36a7a951e1fe2a0845c18d9be7b893f6\" \/><button type=\"submit\" name=\"wpforms[submit]\" id=\"wpforms-submit-918\" class=\"wpforms-submit\" data-alt-text=\"Sending\u2026\" data-submit-text=\"Skicka meddelande\" aria-live=\"assertive\" value=\"wpforms-submit\">Skicka meddelande<\/button><img loading=\"lazy\" decoding=\"async\" src=\"https:\/\/bodana.se\/wp-content\/plugins\/wpforms\/assets\/images\/submit-spin.svg\" class=\"wpforms-submit-spinner\" style=\"display: none;\" width=\"26\" height=\"26\" alt=\"Loading\"><\/div><\/form><\/div>  <!-- .wpforms-container -->\n","protected":false},"excerpt":{"rendered":"Please enable JavaScript in your browser to complete this form.Please enable JavaScript in your browser to complete this form.OFFERTF\u00d6RFR\u00c5GAN TYP AV ARBETE:Mark-&amp; anl\u00e4ggningStens\u00e4ttning\/ platts\u00e4ttningMurarbeteSten-&amp; bergspr\u00e4ckningDr\u00e4neringTr\u00e4g\u00e5rdsanl\u00e4ggningAltanbyggeGolvl\u00e4ggning &amp; m\u00e5lariarbeteAnnatTYP AV PRODUKTION:NyproduktionOmbyggnationRenovering\u00d6NSKAR KONTAKT","protected":false},"author":1,"featured_media":0,"parent":0,"menu_order":0,"comment_status":"closed","ping_status":"closed","template":"","meta":{"footnotes":""},"_links":{"self":[{"href":"https:\/\/bodana.se\/index.php?rest_route=\/wp\/v2\/pages\/962"}],"collection":[{"href":"https:\/\/bodana.se\/index.php?rest_route=\/wp\/v2\/pages"}],"about":[{"href":"https:\/\/bodana.se\/index.php?rest_route=\/wp\/v2\/types\/page"}],"author":[{"embeddable":true,"href":"https:\/\/bodana.se\/index.php?rest_route=\/wp\/v2\/users\/1"}],"replies":[{"embeddable":true,"href":"https:\/\/bodana.se\/index.php?rest_route=%2Fwp%2Fv2%2Fcomments&post=962"}],"version-history":[{"count":2,"href":"https:\/\/bodana.se\/index.php?rest_route=\/wp\/v2\/pages\/962\/revisions"}],"predecessor-version":[{"id":1548,"href":"https:\/\/bodana.se\/index.php?rest_route=\/wp\/v2\/pages\/962\/revisions\/1548"}],"wp:attachment":[{"href":"https:\/\/bodana.se\/index.php?rest_route=%2Fwp%2Fv2%2Fmedia&parent=962"}],"curies":[{"name":"wp","href":"https:\/\/api.w.org\/{rel}","templated":true}]}}