{"id":872,"date":"2024-03-18T12:12:01","date_gmt":"2024-03-18T12:12:01","guid":{"rendered":"https:\/\/bodana.se\/?page_id=872"},"modified":"2024-04-09T13:25:27","modified_gmt":"2024-04-09T12:25:27","slug":"om-bodana","status":"publish","type":"page","link":"https:\/\/bodana.se\/?page_id=872","title":{"rendered":"GAMLA Om Bodana"},"content":{"rendered":"<div class=\"wpb-content-wrapper\"><p>[vc_row][vc_column]<div class=\"dfd-heading-shortcode\"><div class=\"dfd-heading-module-wrap  text-left style_07 cr-animate-gen dfd-heading-69e637102dbbc dfd-disable-resposive-headings\" id=\"dfd-heading-69e637102dbbc\" data-animate-type = \"transition.slideLeftBigIn\" ><div class=\"inline-block\"><div class=\"dfd-heading-module\"><div class=\"title-wrap\"><div class=\"dfd-heading-delimiter dfd-img-lazy-load\"><\/div><h5 class=\"widget-title dfd-title \" style=\"color: #dd9933 !important; \"><\/p>\n<h3 style=\"color: #f6ae42;\">Om Bodana<\/h3>\n<p><\/h5><\/div><h3 class=\"widget-sub-title dfd-sub-title \" style=\"color: #adadad !important; line-height: 10px; font-style:italic; \">Namnet som S\u00e4ger Allt<\/h3><\/div><\/div><\/div><script type=\"text\/javascript\">\r\n\t\t\t\t\t\t\t\t\t(function($) {\r\n\t\t\t\t\t\t\t\t\t\t$(\"head\").append(\"<style>.dfd-heading-69e637102dbbc.dfd-heading-module-wrap .dfd-heading-module .dfd-heading-delimiter {border-bottom-style:solid;border-bottom-width:1px;width:100px;border-bottom-color:#dddddd;}.dfd-heading-69e637102dbbc .dfd-heading-module .widget-sub-title {margin-top:5px;margin-bottom:15px;}.dfd-heading-69e637102dbbc.dfd-heading-module-wrap .dfd-heading-module .dfd-heading-delimiter {margin-top:10px;margin-bottom:10px;}<\/style>\");\r\n\t\t\t\t\t\t\t\t\t})(jQuery);\r\n\t\t\t\t\t\t\t\t<\/script><\/div>[vc_column_text]<b style=\"color: #f6ae42;\">BODANA<\/b> \u00e4r sammansatt av orden &#8220;Bo&#8221; och &#8220;Dana&#8221;, d\u00e4r &#8220;Bo&#8221; representerar hus, hem och boplats, medan &#8220;Dana&#8221; st\u00e5r f\u00f6r bygga, forma och bilda.<\/p>\n<p>V\u00e5rt f\u00f6retagsnamn, BODANA, \u00e4r en tydlig indikation p\u00e5 v\u00e5r verksamhet och vad vi st\u00e5r f\u00f6r. BODANA \u00e4r inte bara ett namn, det \u00e4r v\u00e5r identitet.<\/p>\n<p>Vi \u00e4r BODANA AB, ett etablerat byggf\u00f6retag i Stockholms l\u00e4n, och vi tar oss an allt fr\u00e5n totalentreprenad till byggservice &#8211; FR\u00c5N MARK TILL TAK!<\/p>\n<p>Vi betj\u00e4nar privatpersoner, byggf\u00f6retag, fastighetsbolag och kommuner \u00f6ver hela Stockholms l\u00e4n. Oavsett om du beh\u00f6ver l\u00f6sa problem, skapa vackra<br \/>\nmilj\u00f6er eller genomf\u00f6ra storskaliga byggprojekt, har BODANA resurserna och kompetensen f\u00f6r att g\u00f6ra det m\u00f6jligt. Vi tar varje projekt p\u00e5 allvar och<br \/>\nser till att du har en enda kontaktperson genom hela processen.<\/p>\n<p>Vi prioriterar kvalitet och str\u00e4var efter att skapa n\u00f6jda och \u00e5terkommande kunder.<\/p>\n<p>V\u00e5ra tj\u00e4nster inkluderar markarbeten, renoveringar, till- och ombyggnationer samt nyproduktioner.<\/p>\n<p>Vi s\u00e4tter alltid kunden i fokus och engagerar oss helhj\u00e4rtat i varje projekt. Hos oss kan du f\u00f6rv\u00e4nta dig god kommunikation, p\u00e5litlighet och h\u00f6g kvalitet<br \/>\ntill ett rimligt pris. Vi garanterar fasta priser utan dolda kostnader.<\/p>\n<p>Vi \u00e4r experter p\u00e5 markarbeten!<\/p>\n<p>L\u00e5t oss hj\u00e4lpa dig med ditt n\u00e4sta byggprojekt! Oavsett om det \u00e4r att bygga om, till eller nytt, \u00e4r BODANA h\u00e4r f\u00f6r att g\u00f6ra processen enkel och smidig f\u00f6r dig.[\/vc_column_text]<div class=\"dfd-spacer-module\"  data-units=\"px\" data-wide_resolution=\"1280\" data-wide_size=\"60\" data-normal_resolution=\"1024\" data-normal_size=\"60\" data-tablet_resolution=\"800\" data-tablet_size=\"50\" data-mobile_resolution=\"480\" data-mobile_size=\"40\" style=\"height: 60px;\"><\/div>[\/vc_column][\/vc_row][vc_row][vc_column]<div class=\"dfd-heading-shortcode\"><div class=\"dfd-heading-module-wrap  text-left style_01 cr-animate-gen dfd-heading-69e637102dde5 dfd-disable-resposive-headings\" id=\"dfd-heading-69e637102dde5\" data-animate-type = \"transition.slideLeftBigIn\" ><div class=\"inline-block\"><div class=\"dfd-heading-module\"><h4 class=\"widget-title dfd-title \" style=\"\"><\/p>\n<h5>Vad v\u00e5ra kunder s\u00e4ger om oss:<\/h5>\n<p><\/h4><\/div><\/div><\/div><script type=\"text\/javascript\">\r\n\t\t\t\t\t\t\t\t\t(function($) {\r\n\t\t\t\t\t\t\t\t\t\t$(\"head\").append(\"<style>.dfd-heading-69e637102dde5.dfd-heading-module-wrap .dfd-heading-module .dfd-heading-delimiter {margin-top:10px;margin-bottom:10px;}@media (max-width: 799px){.dfd-heading-69e637102dde5 .dfd-title{font-size: 24px !important;}}<\/style>\");\r\n\t\t\t\t\t\t\t\t\t})(jQuery);\r\n\t\t\t\t\t\t\t\t<\/script><\/div><div class=\"dfd-spacer-module\"  data-units=\"px\" data-wide_resolution=\"1280\" data-wide_size=\"20\" data-normal_resolution=\"1024\" data-normal_size=\"20\" data-tablet_resolution=\"800\" data-tablet_size=\"20\" data-mobile_resolution=\"480\" data-mobile_size=\"20\" style=\"height: 20px;\"><\/div><div id=\"dfd-carousel-69e637102e0d9\" class=\"dfd-carousel-wrapper\"><div class=\"dfd-carousel-module-wrapper #dfd_causel { border: 1px solid #ccc; \/* 1px tjock gr\u00e5 kant *\/ padding: 10px; \/* L\u00e4gger till lite utfyllnad runt elementet f\u00f6r att skilja det fr\u00e5n kanten *\/ } dfd-carousel-horizontal dfd-keep-arrows dfdsquare dfd-arrows- dfd-arrows-enabled cr-animate-gen dfd-dots-enabled\" data-animate-type = \"transition.slideRightBigIn\" ><div class=\"dfd-carousel\"><div class=\"dfd-item-wrap\"><div class=\"cover\"><div id=dfd-testimonial-69e637102e1a04482 class=\"dfd-testimonial-item style-1 layout-6 align-left  dfd-testimonial-69e637102e1a04482\" ><div class=\"image-wrap dfd-img-lazy-load\"><img loading=\"lazy\" decoding=\"async\"  src=\"data:image\/svg+xml;charset=utf-8,%3Csvg xmlns%3D'http%3A%2F%2Fwww.w3.org%2F2000%2Fsvg' viewBox%3D'0 0 80 80'%2F%3E\" data-src=\"https:\/\/bodana.se\/wp-content\/uploads\/2024\/04\/Skarmavbild-2024-04-04-kl.-17.34.49-80x80.png\" width=\"80\" height=\"80\" alt=\"Image\"  \/><\/div><div class=\"pos-rel\"><div class=\"dfd-testimonial-content testimonial-content\" style=\"font-size: 16px; color: #313131 !important; line-height: 32px; font-style:italic; \">\u2018\u2019Bodana hj\u00e4lpte oss att stens\u00e4tta en terass p\u00e5 \u00f6ver 100 kvm till ett herrg\u00e5rdsliknande hus i sk\u00e4rg\u00e5rden. Vi \u00e4r mycket n\u00f6jda med hur de utf\u00f6rde arbetet och den kommunikation vi hade. V\u00e5r positiva erfarenhet g\u00e4ller hela processen fr\u00e5n arbetet med offerten till att arbetet slutf\u00f6rts. Vi kam med n\u00f6je rekommenderar Bodana till stora komplicerade byggnadsarbeten.\u2019\u2019<\/div><\/div><div class=\"feature-title testimonial-title\" style=\"font-family:Roboto; font-weight:700; font-style:normal; font-size: 14px; color: #313131 !important; line-height: 14px; letter-spacing: 0px; \">Svante P<\/div><\/div><script type=\"text\/javascript\">(function($) {$(\"head\").append(\"<style>.dfd-testimonial-69e637102e1a04482.dfd-testimonial-item .feature-title {text-transform: none;}<\/style>\");})(jQuery);<\/script><\/div><\/div><div class=\"dfd-item-wrap\"><div class=\"cover\"><div id=dfd-testimonial-69e637102fbe59233 class=\"dfd-testimonial-item style-1 layout-6 align-left  dfd-testimonial-69e637102fbe59233\" ><div class=\"image-wrap dfd-img-lazy-load\"><img loading=\"lazy\" decoding=\"async\"  src=\"data:image\/svg+xml;charset=utf-8,%3Csvg xmlns%3D'http%3A%2F%2Fwww.w3.org%2F2000%2Fsvg' viewBox%3D'0 0 80 80'%2F%3E\" data-src=\"https:\/\/bodana.se\/wp-content\/uploads\/2024\/04\/Skarmavbild-2024-04-04-kl.-17.39.29-80x80.png\" width=\"80\" height=\"80\" alt=\"Image\"  \/><\/div><div class=\"pos-rel\"><div class=\"dfd-testimonial-content testimonial-content\" style=\"font-size: 16px; color: #313131 !important; line-height: 32px; font-style:italic; \">``Vi anlitade Bodana f\u00f6r att l\u00e4gga marksten p\u00e5 v\u00e5r uppfart samt gjuta en ramp vid garaged\u00f6rren. Vi \u00e4r mycket n\u00f6jda med resultatet - perfekt utf\u00f6rt, allt genomf\u00f6rt inom utsatt tid och med stor lyh\u00f6rdhet f\u00f6r v\u00e5ra \u00f6nskem\u00e5l. Vi kan varmt rekommendera Bodana!``<\/div><\/div><div class=\"feature-title testimonial-title\" style=\"font-family:Roboto; font-weight:700; font-style:normal; font-size: 14px; color: #313131 !important; line-height: 14px; letter-spacing: 0px; \">Martin W<\/div><\/div><script type=\"text\/javascript\">(function($) {$(\"head\").append(\"<style>.dfd-testimonial-69e637102fbe59233.dfd-testimonial-item .feature-title {text-transform: none;}<\/style>\");})(jQuery);<\/script><\/div><\/div><div class=\"dfd-item-wrap\"><div class=\"cover\"><div id=dfd-testimonial-69e63710302a94641 class=\"dfd-testimonial-item style-1 layout-6 align-left  dfd-testimonial-69e63710302a94641\" ><div class=\"image-wrap dfd-img-lazy-load\"><img loading=\"lazy\" decoding=\"async\"  src=\"data:image\/svg+xml;charset=utf-8,%3Csvg xmlns%3D'http%3A%2F%2Fwww.w3.org%2F2000%2Fsvg' viewBox%3D'0 0 80 80'%2F%3E\" data-src=\"https:\/\/bodana.se\/wp-content\/uploads\/2024\/04\/Skarmavbild-2024-04-04-kl.-17.38.23-80x80.png\" width=\"80\" height=\"80\" alt=\"Image\"  \/><\/div><div class=\"pos-rel\"><div class=\"dfd-testimonial-content testimonial-content\" style=\"font-size: 16px; color: #313131 !important; line-height: 32px; font-style:italic; \">\u2018\u2019Vi anlitade Bodana f\u00f6r att s\u00e4tta marksten och en stentrappa. De \u00e4r lyh\u00f6rda, proffiga och utf\u00f6rt allt som vi \u00f6nskade och lite mer. Resultaten blev j\u00e4ttebra.\u2019\u2019<\/div><\/div><div class=\"feature-title testimonial-title\" style=\"font-family:Roboto; font-weight:700; font-style:normal; font-size: 14px; color: #313131 !important; line-height: 14px; letter-spacing: 0px; \">Yuwei Z<\/div><\/div><script type=\"text\/javascript\">(function($) {$(\"head\").append(\"<style>.dfd-testimonial-69e63710302a94641.dfd-testimonial-item .feature-title {text-transform: none;}<\/style>\");})(jQuery);<\/script><\/div><\/div><div class=\"dfd-item-wrap\"><div class=\"cover\"><div id=dfd-testimonial-69e63710353d95323 class=\"dfd-testimonial-item style-1 layout-6 align-left  dfd-testimonial-69e63710353d95323\" ><div class=\"image-wrap dfd-img-lazy-load\"><img loading=\"lazy\" decoding=\"async\"  src=\"data:image\/svg+xml;charset=utf-8,%3Csvg xmlns%3D'http%3A%2F%2Fwww.w3.org%2F2000%2Fsvg' viewBox%3D'0 0 80 80'%2F%3E\" data-src=\"https:\/\/bodana.se\/wp-content\/uploads\/2024\/04\/Skarmavbild-2024-04-04-kl.-17.38.38-80x80.png\" width=\"80\" height=\"80\" alt=\"Image\"  \/><\/div><div class=\"pos-rel\"><div class=\"dfd-testimonial-content testimonial-content\" style=\"font-size: 16px; color: #313131 !important; line-height: 32px; font-style:italic; \">``Bodana ordnade stenl\u00e4ggning med stora skifferplattor hos oss och byggde \u00e4ven en planteringsl\u00e5da. De f\u00f6ljde v\u00e5ra \u00f6nskem\u00e5l men kom ocks\u00e5 med flera bra f\u00f6rb\u00e4ttringsf\u00f6rslag under arbetets g\u00e5ng. Resultatet blev v\u00e4ldigt bra! Arbetet var proffsigt utf\u00f6rt och i tid. Kommunikationen fl\u00f6t hela tiden p\u00e5 bra!``<\/div><\/div><div class=\"feature-title testimonial-title\" style=\"font-family:Roboto; font-weight:700; font-style:normal; font-size: 14px; color: #313131 !important; line-height: 14px; letter-spacing: 0px; \">Erik E<\/div><\/div><script type=\"text\/javascript\">(function($) {$(\"head\").append(\"<style>.dfd-testimonial-69e63710353d95323.dfd-testimonial-item .feature-title {text-transform: none;}<\/style>\");})(jQuery);<\/script><\/div><\/div><div class=\"dfd-item-wrap\"><div class=\"cover\"><div id=dfd-testimonial-69e6371035b09488 class=\"dfd-testimonial-item style-1 layout-6 align-left  dfd-testimonial-69e6371035b09488\" ><div class=\"image-wrap dfd-img-lazy-load\"><img loading=\"lazy\" decoding=\"async\"  src=\"data:image\/svg+xml;charset=utf-8,%3Csvg xmlns%3D'http%3A%2F%2Fwww.w3.org%2F2000%2Fsvg' viewBox%3D'0 0 80 80'%2F%3E\" data-src=\"https:\/\/bodana.se\/wp-content\/uploads\/2024\/04\/Skarmavbild-2024-04-04-kl.-17.23.48-80x80.png\" width=\"80\" height=\"80\" alt=\"Image\"  \/><\/div><div class=\"pos-rel\"><div class=\"dfd-testimonial-content testimonial-content\" style=\"font-size: 16px; color: #313131 !important; line-height: 32px; font-style:italic; \">``Bem\u00f6tandet gav ett mycket ambiti\u00f6st och trevligt intryck. F\u00f6rv\u00e4ntningarna infriades \u00f6ver f\u00f6rv\u00e4ntan.<br \/>\nKostnaden och genomf\u00f6randet f\u00e5r h\u00f6gsta betyg, bra kommunikation ledde till att resultatet blev utm\u00e4rkt och arbetet genomf\u00f6rdes l\u00f6pande samt f\u00e4rdigst\u00e4lldes enligt tidplan. St\u00e4dning och bortforslande av schakt och gammalt material utf\u00f6rdes utan anm\u00e4rkningar. Jag rekommenderar d\u00e4rav Bodana AB det b\u00e4sta.``<\/div><\/div><div class=\"feature-title testimonial-title\" style=\"font-family:Roboto; font-weight:700; font-style:normal; font-size: 14px; color: #313131 !important; line-height: 14px; letter-spacing: 0px; \">Per-Erik S<\/div><\/div><script type=\"text\/javascript\">(function($) {$(\"head\").append(\"<style>.dfd-testimonial-69e6371035b09488.dfd-testimonial-item .feature-title {text-transform: none;}<\/style>\");})(jQuery);<\/script><\/div><\/div><div class=\"dfd-item-wrap\"><div class=\"cover\"><div id=dfd-testimonial-69e63710362be9247 class=\"dfd-testimonial-item style-1 layout-6 align-left  dfd-testimonial-69e63710362be9247\" ><div class=\"image-wrap dfd-img-lazy-load\"><img loading=\"lazy\" decoding=\"async\"  src=\"data:image\/svg+xml;charset=utf-8,%3Csvg xmlns%3D'http%3A%2F%2Fwww.w3.org%2F2000%2Fsvg' viewBox%3D'0 0 80 80'%2F%3E\" data-src=\"https:\/\/bodana.se\/wp-content\/uploads\/2024\/04\/Skarmavbild-2024-04-04-kl.-17.28.00-80x80.png\" width=\"80\" height=\"80\" alt=\"Image\"  \/><\/div><div class=\"pos-rel\"><div class=\"dfd-testimonial-content testimonial-content\" style=\"font-size: 16px; color: #313131 !important; line-height: 32px; font-style:italic; \">``Bra bem\u00f6tande, bra kompetens och goda r\u00e5d. Bra flexibilitet i sj\u00e4lva bygget n\u00e4r vi gjorde mindre \u00e4ndringar\/p\u00e5pekanden utan att \u00e4ndra fasta priset. Utm\u00e4rkt resultat som ser fint ut \u00e4n s\u00e5 l\u00e4nge (efter ca en m\u00e5nad). Hj\u00e4lpte \u00e4ven till med ink\u00f6p, returer och transporter.``<\/div><\/div><div class=\"feature-title testimonial-title\" style=\"font-family:Roboto; font-weight:700; font-style:normal; font-size: 14px; color: #313131 !important; line-height: 14px; letter-spacing: 0px; \">Jonas A<\/div><\/div><script type=\"text\/javascript\">(function($) {$(\"head\").append(\"<style>.dfd-testimonial-69e63710362be9247.dfd-testimonial-item .feature-title {text-transform: none;}<\/style>\");})(jQuery);<\/script><\/div><\/div><div class=\"dfd-item-wrap\"><div class=\"cover\"><div id=dfd-testimonial-69e63710369512332 class=\"dfd-testimonial-item style-1 layout-6 align-left  dfd-testimonial-69e63710369512332\" ><div class=\"image-wrap dfd-img-lazy-load\"><img loading=\"lazy\" decoding=\"async\"  src=\"data:image\/svg+xml;charset=utf-8,%3Csvg xmlns%3D'http%3A%2F%2Fwww.w3.org%2F2000%2Fsvg' viewBox%3D'0 0 80 80'%2F%3E\" data-src=\"https:\/\/bodana.se\/wp-content\/uploads\/2024\/04\/Skarmavbild-2024-04-04-kl.-17.35.50-80x80.png\" width=\"80\" height=\"80\" alt=\"Image\"  \/><\/div><div class=\"pos-rel\"><div class=\"dfd-testimonial-content testimonial-content\" style=\"font-size: 16px; color: #313131 !important; line-height: 32px; font-style:italic; \">``Vi \u00e4r s\u00e5 n\u00f6jda med arbetet som Bodarna har gjort hos oss. Snabbt, smidigt och mycket bra kommunikation genom hel arbetet. Slutresultatet blev perfekt, precis som vi ville ha det! Rekommenderas starkt!``<\/div><\/div><div class=\"feature-title testimonial-title\" style=\"font-family:Roboto; font-weight:700; font-style:normal; font-size: 14px; color: #313131 !important; line-height: 14px; letter-spacing: 0px; \">Katja B<\/div><\/div><script type=\"text\/javascript\">(function($) {$(\"head\").append(\"<style>.dfd-testimonial-69e63710369512332.dfd-testimonial-item .feature-title {text-transform: none;}<\/style>\");})(jQuery);<\/script><\/div><\/div><div class=\"dfd-item-wrap\"><div class=\"cover\"><div id=dfd-testimonial-69e6371036f9c3354 class=\"dfd-testimonial-item style-1 layout-6 align-left  dfd-testimonial-69e6371036f9c3354\" ><div class=\"image-wrap dfd-img-lazy-load\"><img loading=\"lazy\" decoding=\"async\"  src=\"data:image\/svg+xml;charset=utf-8,%3Csvg xmlns%3D'http%3A%2F%2Fwww.w3.org%2F2000%2Fsvg' viewBox%3D'0 0 80 80'%2F%3E\" data-src=\"https:\/\/bodana.se\/wp-content\/uploads\/2024\/04\/Skarmavbild-2024-04-04-kl.-17.41.32-80x80.png\" width=\"80\" height=\"80\" alt=\"Image\"  \/><\/div><div class=\"pos-rel\"><div class=\"dfd-testimonial-content testimonial-content\" style=\"font-size: 16px; color: #313131 !important; line-height: 32px; font-style:italic; \">``Bodana gjorde stenl\u00e4ggning p\u00e5 v\u00e5r innerg\u00e5rd. Vi tog in fyra offerter och Bodana gav b\u00e4st pris och k\u00e4ndes v\u00e4ldigt seri\u00f6sa vid v\u00e5rt f\u00f6rsta m\u00f6te. Emil var v\u00e4ldigt bra att ha att g\u00f6ra med, l\u00e4tt att kommunicera med och tog v\u00e5ra funderingar p\u00e5 allvar. Killen som la sten var v\u00e4ldigt noggrann och vi f\u00e5r super-mycket kommentarer fr\u00e5n grannarna om hur fint det blev. K\u00e4ndes tryggt med uppf\u00f6ljning ett par veckor senare. Rekommenderas!``<\/div><\/div><div class=\"feature-title testimonial-title\" style=\"font-family:Roboto; font-weight:700; font-style:normal; font-size: 14px; color: #313131 !important; line-height: 14px; letter-spacing: 0px; \">Freja S<\/div><\/div><script type=\"text\/javascript\">(function($) {$(\"head\").append(\"<style>.dfd-testimonial-69e6371036f9c3354.dfd-testimonial-item .feature-title {text-transform: none;}<\/style>\");})(jQuery);<\/script><\/div><\/div><\/div><\/div>\t\t\t\t<script type=\"text\/javascript\">\r\n\t\t\t\t\t(function($) {\r\n\t\t\t\t\t\t\"use strict\";\r\n\t\t\t\t\t\tvar $carousel = $('#dfd-carousel-69e637102e0d9').find('.dfd-carousel');\r\n\t\t\t\t\t\t$(document).ready(function() {\r\n\t\t\t\t\t\t\tvar $initialized = ($('body').hasClass('page-template-tmp-side-by-side')) ? $carousel.not('.slick-initialized') : $carousel;\r\n\t\t\t\t\t\t\t\t\t\t\t\t\t\t$carousel.siblings('.dfd-slider-control.prev').click(function(e) {\r\n\t\t\t\t\t\t\t\te.preventDefault();\r\n\t\t\t\t\t\t\t\t$carousel.eq(0).slick('slickPrev');\r\n\t\t\t\t\t\t\t});\r\n\t\t\t\t\t\t\t$carousel.siblings('.dfd-slider-control.next').click(function(e) {\r\n\t\t\t\t\t\t\t\te.preventDefault();\r\n\t\t\t\t\t\t\t\t$carousel.eq(0).slick('slickNext');\r\n\t\t\t\t\t\t\t});\r\n\t\t\t\t\t\t\t$initialized.slick({arrows: false,dotsClass: 'dfd-slick-dots',slidesToScroll: 1,autoplay: true,autoplaySpeed: 5000,dots: true,customPaging: function(slider, i) {\r\n\t\t\t\t\t\t\t\t\treturn '<span data-role=\"none\" role=\"button\" aria-required=\"false\" tabindex=\"0\"><\/span>';\r\n\t\t\t\t\t\t\t\t},infinite: true,slidesToShow: 1,speed: 300,swipe: true,draggable: true,responsive: [\r\n\t\t\t\t\t\t\t{\r\n\t\t\t\t\t\t\t\tbreakpoint: 1024,\r\n\t\t\t\t\t\t\t\tsettings: {\r\n\t\t\t\t\t\t\t\t\tslidesToShow: 1,\r\n\t\t\t\t\t\t\t\t\tslidesToScroll: 1,\r\n\t\t\t\t\t\t\t\t}\r\n\t\t\t\t\t\t\t},\r\n\t\t\t\t\t\t\t{\r\n\t\t\t\t\t\t\t\tbreakpoint: 800,\r\n\t\t\t\t\t\t\t\tsettings: {\r\n\t\t\t\t\t\t\t\t\tslidesToShow: 1,\r\n\t\t\t\t\t\t\t\t\tslidesToScroll: 1,\r\n\t\t\t\t\t\t\t\t}\r\n\t\t\t\t\t\t\t},\r\n\t\t\t\t\t\t\t{\r\n\t\t\t\t\t\t\t\tbreakpoint: 480,\r\n\t\t\t\t\t\t\t\tsettings: {\r\n\t\t\t\t\t\t\t\t\tslidesToShow: 1,\r\n\t\t\t\t\t\t\t\t\tslidesToScroll: 1,\r\n\t\t\t\t\t\t\t\t}\r\n\t\t\t\t\t\t\t},]});\r\n\t\t\t\t\t\t\t$(\"head\").append(\"<style>#dfd-carousel-69e637102e0d9 .dfdrounded ul.dfd-slick-dots li.slick-active span:before, #dfd-carousel-69e637102e0d9 .dfdsquare ul.dfd-slick-dots li.slick-active span:before {background: #fdad00}#dfd-carousel-69e637102e0d9 .dfdfillrounded ul.dfd-slick-dots li.slick-active span, #dfd-carousel-69e637102e0d9 .dfdfillsquare ul.dfd-slick-dots li.slick-active span {background: #fdad00;border-color: #fdad00;}#dfd-carousel-69e637102e0d9 .dfdemptyrounded ul.dfd-slick-dots li.slick-active span, #dfd-carousel-69e637102e0d9 .dfdemptysquare ul.dfd-slick-dots li.slick-active span {border-color: #fdad00;}#dfd-carousel-69e637102e0d9 .dfdline ul.dfd-slick-dots li.slick-active span:before {border-color: #fdad00;}#dfd-carousel-69e637102e0d9 .dfdadvancesquare ul.dfd-slick-dots li.slick-active span, #dfd-carousel-69e637102e0d9 .dfdfillsquareold .dfd-slick-dots li.slick-active span {background: #fdad00;}#dfd-carousel-69e637102e0d9 .dfdadvancesquare ul.dfd-slick-dots li.slick-active span:before {border-bottom-color: #fdad00;}#dfd-carousel-69e637102e0d9 .dfdemptyroundedold .dfd-slick-dots li.slick-active span {-webkit-box-shadow: 0 0 0 2px #fdad00; box-shadow: 0 0 0 2px #fdad00;}#dfd-carousel-69e637102e0d9 .dfdfillsquareold .dfd-slick-dots li.slick-active span {-webkit-box-shadow: 0 0 0 1px #fdad00; box-shadow: 0 0 0 1px #fdad00;}#dfd-carousel-69e637102e0d9 > .dfd-carousel-module-wrapper > .dfd-carousel > .slick-list > .slick-track > .dfd-item-wrap > .cover {padding: 10px;}#dfd-carousel-69e637102e0d9 {margin: -10px;}<\/style>\")\t\t\t\t\t\t});\r\n\t\t\t\t\t})(jQuery);\r\n\t\t\t\t<\/script>\r\n            <\/div><div class=\"dfd-spacer-module\"  data-units=\"px\" data-wide_resolution=\"1280\" data-wide_size=\"60\" data-normal_resolution=\"1024\" data-normal_size=\"60\" data-tablet_resolution=\"800\" data-tablet_size=\"50\" data-mobile_resolution=\"480\" data-mobile_size=\"40\" style=\"height: 60px;\"><\/div>[\/vc_column][\/vc_row][vc_row css=&#8221;.vc_custom_1712651657667{background-color: #f4b555 !important;}&#8221;][vc_column][vc_raw_html]JTNDZGl2JTIwY2xhc3MlM0QlMjJ3aWRnZXQtY29udGFpbmVyJTIyJTNFJTBBJTIwJTIwJTNDZGl2JTIwaWQlM0QlMjJyZWNvLS1iYWRnZS0yMDIxJTIyJTNFJTNDJTJGZGl2JTNFJTBBJTIwJTIwJTNDc2NyaXB0JTIwc3JjJTNEJTIyaHR0cHMlM0ElMkYlMkZ3aWRnZXQucmVjby5zZSUyRmJhZGdlJTJGMjAyMSUyRjQwMjkxOTMuanMlMjIlM0UlM0MlMkZzY3JpcHQlM0UlMEElMEElMjAlMjAlM0NkaXYlMjBpZCUzRCUyMnJlY28tLWJhZGdlLTIwMjIlMjIlM0UlM0MlMkZkaXYlM0UlMEElMjAlMjAlM0NzY3JpcHQlMjBzcmMlM0QlMjJodHRwcyUzQSUyRiUyRndpZGdldC5yZWNvLnNlJTJGYmFkZ2UlMkYyMDIyJTJGNDAyOTE5My5qcyUyMiUzRSUzQyUyRnNjcmlwdCUzRSUwQSUzQyUyRmRpdiUzRSUwQSUwQSUzQ2lmcmFtZSUyMHNyYyUzRCUyMmh0dHBzJTNBJTJGJTJGd2lkZ2V0LnJlY28uc2UlMkZ2MiUyRndpZGdldCUyRjQwMjkxOTMlM0Ztb2RlJTNESE9SSVpPTlRBTF9RVU9URSUyNmludmVydGVkJTNEZmFsc2UlMjZib3JkZXIlM0R0cnVlJTIyJTIwdGl0bGUlM0QlMjJCb2RhbmElMjBBQiUyMC0lMjBPbWQlQzMlQjZtZW4lMjBwJUMzJUE1JTIwUmVjbyUyMiUyMGhlaWdodCUzRCUyMjIyNSUyMiUyMHN0eWxlJTNEJTIyd2lkdGglM0ExMDAlMjUlM0Jib3JkZXIlM0EwJTNCZGlzcGxheSUzQWJsb2NrJTNCb3ZlcmZsb3clM0ElMjBoaWRkZW4lM0IlMjIlMjBkYXRhLXJlYWN0cm9vdCUzRCUyMiUyMiUzRSUzQyUyRmlmcmFtZSUzRSUwQQ==[\/vc_raw_html][\/vc_column][\/vc_row]<\/p>\n<\/div>","protected":false},"excerpt":{"rendered":"<p>[vc_row][vc_column][vc_column_text]BODANA \u00e4r sammansatt av orden &#8220;Bo&#8221; och &#8220;Dana&#8221;, d\u00e4r &#8220;Bo&#8221; representerar hus, hem och boplats, medan &#8220;Dana&#8221; st\u00e5r f\u00f6r bygga, forma och bilda. V\u00e5rt f\u00f6retagsnamn, BODANA, \u00e4r en tydlig indikation<\/p>\n","protected":false},"author":1,"featured_media":0,"parent":0,"menu_order":0,"comment_status":"closed","ping_status":"closed","template":"","meta":{"footnotes":""},"_links":{"self":[{"href":"https:\/\/bodana.se\/index.php?rest_route=\/wp\/v2\/pages\/872"}],"collection":[{"href":"https:\/\/bodana.se\/index.php?rest_route=\/wp\/v2\/pages"}],"about":[{"href":"https:\/\/bodana.se\/index.php?rest_route=\/wp\/v2\/types\/page"}],"author":[{"embeddable":true,"href":"https:\/\/bodana.se\/index.php?rest_route=\/wp\/v2\/users\/1"}],"replies":[{"embeddable":true,"href":"https:\/\/bodana.se\/index.php?rest_route=%2Fwp%2Fv2%2Fcomments&post=872"}],"version-history":[{"count":46,"href":"https:\/\/bodana.se\/index.php?rest_route=\/wp\/v2\/pages\/872\/revisions"}],"predecessor-version":[{"id":1551,"href":"https:\/\/bodana.se\/index.php?rest_route=\/wp\/v2\/pages\/872\/revisions\/1551"}],"wp:attachment":[{"href":"https:\/\/bodana.se\/index.php?rest_route=%2Fwp%2Fv2%2Fmedia&parent=872"}],"curies":[{"name":"wp","href":"https:\/\/api.w.org\/{rel}","templated":true}]}}